{"id":10,"date":"2023-11-14T13:44:21","date_gmt":"2023-11-14T12:44:21","guid":{"rendered":"https:\/\/dramarisamanzano.com\/es\/dra-marisa-manzano\/sobri-mi\/"},"modified":"2024-12-16T13:03:58","modified_gmt":"2024-12-16T12:03:58","slug":"sobri-mi","status":"publish","type":"page","link":"https:\/\/dramarisamanzano.com\/es\/dra-marisa-manzano\/sobre-mi\/","title":{"rendered":"Sobre m\u00ed"},"content":{"rendered":"<p>GRACIAS A MI S\u00d3LIDA ESPECIALIZACI\u00d3N PROFESIONAL, DESTACO EN LOS SIGUIENTES CAMPOS<\/p>\n","protected":false},"excerpt":{"rendered":"<p>GRACIAS A MI S\u00d3LIDA ESPECIALIZACI\u00d3N PROFESIONAL, DESTACO EN LOS SIGUIENTES CAMPOS<\/p>\n","protected":false},"author":1,"featured_media":611,"parent":9,"menu_order":5,"comment_status":"closed","ping_status":"closed","template":"sobri-mi.php","meta":{"_acf_changed":false,"inline_featured_image":false,"footnotes":""},"class_list":["post-10","page","type-page","status-publish","has-post-thumbnail","hentry"],"acf":[],"_links":{"self":[{"href":"https:\/\/dramarisamanzano.com\/es\/wp-json\/wp\/v2\/pages\/10"}],"collection":[{"href":"https:\/\/dramarisamanzano.com\/es\/wp-json\/wp\/v2\/pages"}],"about":[{"href":"https:\/\/dramarisamanzano.com\/es\/wp-json\/wp\/v2\/types\/page"}],"author":[{"embeddable":true,"href":"https:\/\/dramarisamanzano.com\/es\/wp-json\/wp\/v2\/users\/1"}],"replies":[{"embeddable":true,"href":"https:\/\/dramarisamanzano.com\/es\/wp-json\/wp\/v2\/comments?post=10"}],"version-history":[{"count":20,"href":"https:\/\/dramarisamanzano.com\/es\/wp-json\/wp\/v2\/pages\/10\/revisions"}],"predecessor-version":[{"id":656,"href":"https:\/\/dramarisamanzano.com\/es\/wp-json\/wp\/v2\/pages\/10\/revisions\/656"}],"up":[{"embeddable":true,"href":"https:\/\/dramarisamanzano.com\/es\/wp-json\/wp\/v2\/pages\/9"}],"wp:featuredmedia":[{"embeddable":true,"href":"https:\/\/dramarisamanzano.com\/es\/wp-json\/wp\/v2\/media\/611"}],"wp:attachment":[{"href":"https:\/\/dramarisamanzano.com\/es\/wp-json\/wp\/v2\/media?parent=10"}],"curies":[{"name":"wp","href":"https:\/\/api.w.org\/{rel}","templated":true}]}}