{"id":3,"date":"2023-11-14T12:14:38","date_gmt":"2023-11-14T11:14:38","guid":{"rendered":"https:\/\/dramarisamanzano.com\/?page_id=3"},"modified":"2025-01-15T13:28:06","modified_gmt":"2025-01-15T12:28:06","slug":"politica-privacidad","status":"publish","type":"page","link":"https:\/\/dramarisamanzano.com\/es\/politica-de-privacidad\/","title":{"rendered":"Pol\u00edtica de privacidad"},"content":{"rendered":"<p>Versi\u00f3n: 13\/05\/2019<\/p>\n<p>Dramarisamanzano.com* se compromete a proteger la privacidad de los usuarios que accedan a esta web y\/o cualquiera de sus servicios. La utilizaci\u00f3n de la web y\/o de cualquiera de los servicios ofrecidos por dramarisamanzano.com* implica la aceptaci\u00f3n por el usuario de las disposiciones contenidas en la presente Pol\u00edtica de Privacidad y que sus datos personales sean tratados seg\u00fan se estipula en ella . Por favor, tenga en cuenta que aunque pueda haber enlaces de nuestra web a otras webs, esta Pol\u00edtica de Privacidad no se aplica a las webs de otras compa\u00f1\u00edas u organizaciones a las que la web est\u00e9 redirigida. dramarisamanzano.com* no controla el contenido de las webs de terceros ni acepta cualquier responsabilidad por el contenido o las pol\u00edticas de privacidad de estas webs.<\/p>\n<p><strong>Informaci\u00f3n sobre el tratamiento de datos (Reglamento (UE) 2016\/679 y LO 3\/2018)<\/strong><br \/>\n\u00b7 Responsable del tratamiento: dramarisamanzano.com*<br \/>\n\u00b7 Email: info@dramarisamanzano.com<br \/>\n\u00b7 Finalidad del tratamiento: Ofrecer y gestionar nuestros servicios de medicina y cirug\u00eda est\u00e9tica.<br \/>\n\u00b7 Legitimaci\u00f3n: Consentimiento obtenido del interesado.<br \/>\n\u00b7 Ejecuci\u00f3n del contrato de servicios.<br \/>\n\u00b7 Destinatarios: Los datos no ser\u00e1n comunicados a terceros, salvo que lo exija una ley o sea necesario para cumplir con la finalidad del tratamiento.<br \/>\n\u00b7 Derechos de las personas: Los interesados tienen derecho a ejercer los derechos de acceso, rectificaci\u00f3n, limitaci\u00f3n de tratamiento, supresi\u00f3n, portabilidad y oposici\u00f3n, enviando su solicitud a nuestra direcci\u00f3n.<br \/>\n\u00b7 Plazo de conservaci\u00f3n de los datos: Mientras se mantenga la relaci\u00f3n comercial o durante los a\u00f1os necesarios para cumplir con las obligaciones legales.<br \/>\n\u00b7 Reclamaci\u00f3n: Los interesados se pueden dirigir a la AEPD para presentar la reclamaci\u00f3n que considere oportuna.<br \/>\n\u00b7 Informaci\u00f3n adicional: Puede consultar la informaci\u00f3n adicional y detallada a continuaci\u00f3n en las \u00abCuestiones sobre privacidad\u00bb.<\/p>\n<p>*dramarisamanzano.com es gestionada por MM Plastic Surgery, S.L.P.<\/p>\n<p><strong>Cuestiones sobre privacidad<\/strong><\/p>\n<p>En cumplimiento del Reglamento (UE) 2016\/679 del Parlamento Europeo y del Consejo, de 27 de abril de 2016, (RGPD) y la Ley Org\u00e1nica 3\/2018, de 5 de diciembre, de Protecci\u00f3n de Datos Personales y garant\u00eda de los derechos digitales (LOPDGDD), le ofrecemos la siguiente informaci\u00f3n sobre el tratamiento de sus datos personales:<\/p>\n<p>\u00bfQui\u00e9n es el responsable del tratamiento de sus datos?<\/p>\n<p>MM Plastic Surgery, S.L.P.<br \/>\nNIF: B10826642<br \/>\nDirecci\u00f3n: Carrer Torras i Pujalt 11-29<br \/>\nTel.: +34 935 10 00 06<br \/>\nEmail: info@dramarisamanzano.com<br \/>\nServicios de medicina y cirug\u00eda est\u00e9tica.<\/p>\n<p>\u00bfCon qu\u00e9 finalidad tratamos sus datos personales?<br \/>\n\u00b7 Tratamos la informaci\u00f3n que se nos facilita para gestionar nuestros servicios de medicina y cirug\u00eda est\u00e9tica.<br \/>\n\u00b7 En caso de que se ponga en contacto con nosotros mediante el formulario de contacto de nuestra p\u00e1gina web, las trataremos para gestionar su consulta.<br \/>\n\u00b7 Si nos da su consentimiento tambi\u00e9n podremos tratar sus datos para enviarle informaci\u00f3n sobre nuestras actividades, productos o servicios.<br \/>\n\u00b7 Si nos env\u00eda un curr\u00edculum, trataremos los datos con el fin de gestionar la base de CV&#8217;s para la selecci\u00f3n de personal.<\/p>\n<p>\u00bfPor cu\u00e1nto tiempo conservaremos sus datos?<br \/>\n\u00b7 Los datos personales proporcionados se conservar\u00e1n mientras sea usuario de nuestros servicios o quiera recibir informaci\u00f3n, y despu\u00e9s, durante los plazos establecidos para cumplir con nuestras obligaciones legales, que en el caso documentaci\u00f3n contable y fiscal a efectos mercantiles ser\u00e1n 6 a\u00f1os, de conformidad con el art. 30 del c\u00f3digo de C\u00f3digo Comercio, ya efectos fiscales ser\u00e1n 4 a\u00f1os, de acuerdo con los art\u00edculos 66 a 70 de la Ley General Tributaria.<br \/>\n\u00b7 En el caso de los curr\u00edculos los datos se conservar\u00e1n durante un a\u00f1o.<\/p>\n<p>\u00bfCu\u00e1l es la legitimaci\u00f3n para el tratamiento de sus datos?<br \/>\nLa legitimaci\u00f3n para su tratamiento se encuentra en la ejecuci\u00f3n del contrato de servicios y en los consentimientos que nos da.<br \/>\nRespecto a aquella informaci\u00f3n que sea remitida por menores de 16 a\u00f1os, ser\u00e1 requisito imprescindible que se haga con el consentimiento paterno, tutor o legal representante del menor para que los datos personales puedan ser objeto de tratamiento. Si no es as\u00ed, el representante legal del menor debe comunicarlo tan pronto como tenga conocimiento.<\/p>\n<p>\u00bfA qu\u00e9 destinatarios se comunicar\u00e1n sus datos?<br \/>\nLos datos no ser\u00e1n comunicados a terceros, salvo que lo exija una ley o sea necesario para cumplir con la finalidad del tratamiento.<\/p>\n<p>\u00bfCu\u00e1les son sus derechos cuando nos facilita sus datos?<br \/>\n\u00b7 Cualquier persona tiene derecho a obtener confirmaci\u00f3n sobre si estamos tratando o no sus datos personales.<br \/>\n\u00b7 Las personas interesadas tienen derecho a acceder a sus datos personales, as\u00ed como a solicitar la rectificaci\u00f3n de los datos inexactos o, en su caso, solicitar su supresi\u00f3n cuando, entre otros motivos, los datos ya no sean necesarias para los fines para los que se recogieron.<br \/>\n\u00b7 En determinadas circunstancias los interesados podr\u00e1n solicitar la limitaci\u00f3n del tratamiento de sus datos, en cuyo caso \u00fanicamente los conservaremos para el ejercicio o la defensa de reclamaciones.<br \/>\n\u00b7 Tambi\u00e9n, en determinadas circunstancias y por motivos relacionados con su situaci\u00f3n particular, los interesados pueden oponerse al tratamiento de sus datos. En este caso dejaremos de tratarlas, salvo por motivos leg\u00edtimos imperiosos o para el ejercicio o defensa de posibles reclamaciones.<br \/>\n\u00b7 Los interesados tambi\u00e9n tienen derecho a la portabilidad de sus datos.<br \/>\n\u00b7 Cualquier interesado tiene derecho a no ser objeto de una decisi\u00f3n basada \u00fanicamente en el tratamiento automatizado, incluida la elaboraci\u00f3n de perfiles, que produzca efectos jur\u00eddicos que le afecten o que le afecten significativamente de forma similar.<br \/>\n\u00b7 Por \u00faltimo, los interesados tienen derecho a presentar una reclamaci\u00f3n ante la Autoridad de Control competente.<\/p>\n<p>\u00bfC\u00f3mo puede ejercer sus derechos?<br \/>\nEnvi\u00e1ndonos un escrito adjuntando una copia de un documento que lo identifique, en nuestra direcci\u00f3n f\u00edsica o en la electr\u00f3nica.<\/p>\n<p>\u00bfC\u00f3mo hemos obtenido sus datos?<br \/>\nLos datos personales que tratamos proceden del propio interesado, quien garantiza que los datos personales facilitados son ciertos y se hace responsable de comunicar cualquier modificaci\u00f3n. Los datos que est\u00e9n marcados con un asterisco son obligatorios para poder darle el servicio solicitado.<\/p>\n<p>\u00bfQu\u00e9 datos tratamos?<br \/>\nLas categor\u00edas de datos que podemos tratar son:<br \/>\n\u00b7 Datos de car\u00e1cter identificativo<br \/>\n\u00b7 Direcciones postales o electr\u00f3nicas<br \/>\nEn el caso de los curr\u00edculums, tambi\u00e9n:<br \/>\n\u00b7 Caracter\u00edsticas personales<br \/>\n\u00b7 Acad\u00e9micas y profesional<\/p>\n<p>Los datos son limitados, dado que \u00fanicamente tratamos los datos necesarios para la prestaci\u00f3n de nuestros servicios y la gesti\u00f3n de nuestra actividad.<\/p>\n<p>\u00bfUtilizamos cookies?<br \/>\nUtilizamos cookies durante la navegaci\u00f3n en nuestra web con el consentimiento del usuario.<br \/>\nEl usuario puede configurar su navegador para que le avise de la utilizaci\u00f3n de cookies y para evitar su uso. Por favor, visite nuestra pol\u00edtica de cookies.<\/p>\n<p>\u00bfQu\u00e9 medidas de seguridad aplicamos?<br \/>\nAplicamos las medidas de seguridad establecidas en el art\u00edculo 32 del RGPD, por tanto hemos adoptado las medidas de seguridad necesarias para garantizar un nivel de seguridad adecuado al riesgo del tratamiento de datos que realizamos, con mecanismos que nos permiten garantizar la confidencialidad, integridad, disponibilidad y resiliencia permanente de los sistemas y servicios de tratamiento.<\/p>\n<p>Algunas de estas medidas son:<br \/>\n\u00b7 Informaci\u00f3n de las pol\u00edticas de tratamiento de datos al personal.<br \/>\n\u00b7 Realizaci\u00f3n de copias de seguridad peri\u00f3dicas.<br \/>\n\u00b7 Control de acceso a los datos.<br \/>\n\u00b7 Procesos de verificaci\u00f3n, evaluaci\u00f3n y valoraci\u00f3n regulares.<\/p>\n","protected":false},"excerpt":{"rendered":"<p>Versi\u00f3n: 13\/05\/2019 Dramarisamanzano.com* se compromete a proteger la privacidad de los usuarios que accedan a esta web y\/o cualquiera de sus servicios. La utilizaci\u00f3n de la web y\/o de cualquiera de los servicios ofrecidos por dramarisamanzano.com* implica la aceptaci\u00f3n por el usuario de las disposiciones contenidas en la presente Pol\u00edtica de Privacidad y que sus [&hellip;]<\/p>\n","protected":false},"author":1,"featured_media":0,"parent":0,"menu_order":72,"comment_status":"closed","ping_status":"closed","template":"page-legal.php","meta":{"_acf_changed":false,"inline_featured_image":false,"footnotes":""},"class_list":["post-3","page","type-page","status-publish","hentry"],"acf":[],"_links":{"self":[{"href":"https:\/\/dramarisamanzano.com\/es\/wp-json\/wp\/v2\/pages\/3"}],"collection":[{"href":"https:\/\/dramarisamanzano.com\/es\/wp-json\/wp\/v2\/pages"}],"about":[{"href":"https:\/\/dramarisamanzano.com\/es\/wp-json\/wp\/v2\/types\/page"}],"author":[{"embeddable":true,"href":"https:\/\/dramarisamanzano.com\/es\/wp-json\/wp\/v2\/users\/1"}],"replies":[{"embeddable":true,"href":"https:\/\/dramarisamanzano.com\/es\/wp-json\/wp\/v2\/comments?post=3"}],"version-history":[{"count":4,"href":"https:\/\/dramarisamanzano.com\/es\/wp-json\/wp\/v2\/pages\/3\/revisions"}],"predecessor-version":[{"id":669,"href":"https:\/\/dramarisamanzano.com\/es\/wp-json\/wp\/v2\/pages\/3\/revisions\/669"}],"wp:attachment":[{"href":"https:\/\/dramarisamanzano.com\/es\/wp-json\/wp\/v2\/media?parent=3"}],"curies":[{"name":"wp","href":"https:\/\/api.w.org\/{rel}","templated":true}]}}