{"id":341,"date":"2024-01-24T21:02:51","date_gmt":"2024-01-24T20:02:51","guid":{"rendered":"https:\/\/dramarisamanzano.com\/es\/?page_id=341"},"modified":"2024-12-10T11:15:23","modified_gmt":"2024-12-10T10:15:23","slug":"unidad-adolescente","status":"publish","type":"page","link":"https:\/\/dramarisamanzano.com\/es\/cirugia-estetica\/unidad-adolescente\/","title":{"rendered":"Unidad adolescente"},"content":{"rendered":"<p>La adolescencia es una etapa compleja de la vida donde se transiciona de la edad infantil hacia la adulta, experimentando una transformaci\u00f3n a todos los niveles. Los cambios corporales que conlleva pueden llegar a desarrollar en las personas diferentes complejos o patolog\u00edas a los que se puede dar soluci\u00f3n.<\/p>\n<p>Mis 20 a\u00f1os de experiencia en el Hospital de Sant Joan de D\u00e9u de Barcelona colaborando con los servicios de Cirug\u00eda Pedi\u00e1trica y Ginecolog\u00eda han hecho que pueda abordar estas inquietudes con un gran conocimiento y sensibilidad, tanto desde la parte m\u00e9dica como psicol\u00f3gica.<\/p>\n<p>A continuaci\u00f3n, voy a enumerar todos aquellos problemas que podemos tratar durante la adolescencia desde un punto de vista reconstructivo o funcional.<\/p>\n","protected":false},"excerpt":{"rendered":"<p>La adolescencia es una etapa compleja de la vida donde se transiciona de la edad infantil hacia la adulta, experimentando una transformaci\u00f3n a todos los niveles. Los cambios corporales que conlleva pueden llegar a desarrollar en las personas diferentes complejos o patolog\u00edas a los que se puede dar soluci\u00f3n. Mis 20 a\u00f1os de experiencia en [&hellip;]<\/p>\n","protected":false},"author":1,"featured_media":619,"parent":25,"menu_order":35,"comment_status":"closed","ping_status":"closed","template":"page-cirujia-de-pecho.php","meta":{"_acf_changed":false,"inline_featured_image":false,"footnotes":""},"class_list":["post-341","page","type-page","status-publish","has-post-thumbnail","hentry"],"acf":[],"_links":{"self":[{"href":"https:\/\/dramarisamanzano.com\/es\/wp-json\/wp\/v2\/pages\/341"}],"collection":[{"href":"https:\/\/dramarisamanzano.com\/es\/wp-json\/wp\/v2\/pages"}],"about":[{"href":"https:\/\/dramarisamanzano.com\/es\/wp-json\/wp\/v2\/types\/page"}],"author":[{"embeddable":true,"href":"https:\/\/dramarisamanzano.com\/es\/wp-json\/wp\/v2\/users\/1"}],"replies":[{"embeddable":true,"href":"https:\/\/dramarisamanzano.com\/es\/wp-json\/wp\/v2\/comments?post=341"}],"version-history":[{"count":10,"href":"https:\/\/dramarisamanzano.com\/es\/wp-json\/wp\/v2\/pages\/341\/revisions"}],"predecessor-version":[{"id":639,"href":"https:\/\/dramarisamanzano.com\/es\/wp-json\/wp\/v2\/pages\/341\/revisions\/639"}],"up":[{"embeddable":true,"href":"https:\/\/dramarisamanzano.com\/es\/wp-json\/wp\/v2\/pages\/25"}],"wp:featuredmedia":[{"embeddable":true,"href":"https:\/\/dramarisamanzano.com\/es\/wp-json\/wp\/v2\/media\/619"}],"wp:attachment":[{"href":"https:\/\/dramarisamanzano.com\/es\/wp-json\/wp\/v2\/media?parent=341"}],"curies":[{"name":"wp","href":"https:\/\/api.w.org\/{rel}","templated":true}]}}