{"id":469,"date":"2024-04-11T14:18:19","date_gmt":"2024-04-11T12:18:19","guid":{"rendered":"https:\/\/dramarisamanzano.com\/es\/?page_id=469"},"modified":"2024-11-29T19:40:36","modified_gmt":"2024-11-29T18:40:36","slug":"rinomodelacion-remodelacion-de-la-nariz-sin-cirugia","status":"publish","type":"page","link":"https:\/\/dramarisamanzano.com\/es\/medicina-estetica-avanzada\/rinomodelacion-remodelacion-de-la-nariz-sin-cirugia\/","title":{"rendered":"Rinomodelaci\u00f3n, remodelaci\u00f3n de la nariz sin cirug\u00eda"},"content":{"rendered":"","protected":false},"excerpt":{"rendered":"","protected":false},"author":1,"featured_media":618,"parent":26,"menu_order":53,"comment_status":"closed","ping_status":"closed","template":"page-servicio.php","meta":{"_acf_changed":false,"inline_featured_image":false,"footnotes":""},"class_list":["post-469","page","type-page","status-publish","has-post-thumbnail","hentry"],"acf":[],"_links":{"self":[{"href":"https:\/\/dramarisamanzano.com\/es\/wp-json\/wp\/v2\/pages\/469"}],"collection":[{"href":"https:\/\/dramarisamanzano.com\/es\/wp-json\/wp\/v2\/pages"}],"about":[{"href":"https:\/\/dramarisamanzano.com\/es\/wp-json\/wp\/v2\/types\/page"}],"author":[{"embeddable":true,"href":"https:\/\/dramarisamanzano.com\/es\/wp-json\/wp\/v2\/users\/1"}],"replies":[{"embeddable":true,"href":"https:\/\/dramarisamanzano.com\/es\/wp-json\/wp\/v2\/comments?post=469"}],"version-history":[{"count":3,"href":"https:\/\/dramarisamanzano.com\/es\/wp-json\/wp\/v2\/pages\/469\/revisions"}],"predecessor-version":[{"id":540,"href":"https:\/\/dramarisamanzano.com\/es\/wp-json\/wp\/v2\/pages\/469\/revisions\/540"}],"up":[{"embeddable":true,"href":"https:\/\/dramarisamanzano.com\/es\/wp-json\/wp\/v2\/pages\/26"}],"wp:featuredmedia":[{"embeddable":true,"href":"https:\/\/dramarisamanzano.com\/es\/wp-json\/wp\/v2\/media\/618"}],"wp:attachment":[{"href":"https:\/\/dramarisamanzano.com\/es\/wp-json\/wp\/v2\/media?parent=469"}],"curies":[{"name":"wp","href":"https:\/\/api.w.org\/{rel}","templated":true}]}}