{"id":670,"date":"2025-01-15T13:29:53","date_gmt":"2025-01-15T12:29:53","guid":{"rendered":"https:\/\/dramarisamanzano.com\/es\/?page_id=670"},"modified":"2025-01-15T13:29:53","modified_gmt":"2025-01-15T12:29:53","slug":"aviso-legal","status":"publish","type":"page","link":"https:\/\/dramarisamanzano.com\/es\/aviso-legal\/","title":{"rendered":"Aviso legal"},"content":{"rendered":"<p><strong>Informaci\u00f3n de conformidad con el art\u00edculo 10 de la LSSI<\/strong><\/p>\n<p>La titular de esta web es:<br \/>\nIdentidad: MM Plastic Surgery, S.L.P.<br \/>\nNIF: B10826642<br \/>\nDirecci\u00f3n: Carrer Torras i Pujalt 11-29<br \/>\nTel.: +34 935 10 00 06<br \/>\nEmail: info@dramarisamanzano.com<br \/>\nInscrita en el Registro Mercantil de ___, inscripci\u00f3n ___, Hoja ___, Folio ___, Tomo ____.<\/p>\n<p>Condiciones de uso<br \/>\nEl uso de esta web implica la aceptaci\u00f3n plena de los t\u00e9rminos y condiciones del presente aviso legal. Los posibles conflictos relativos a esta web se regir\u00e1n exclusivamente por el derecho del Estado espa\u00f1ol. Toda persona usuaria de la web, independientemente de la jurisdicci\u00f3n territorial desde la que se produzca su acceso, acepta el cumplimiento y respeto de estas cl\u00e1usulas con renuncia expresa a cualquier otro fuero que pudiera corresponderle.<\/p>\n<p>Propiedad intelectual e industrial<br \/>\nLa totalidad del contenido de este sitio web, ya sean textos, im\u00e1genes, sonidos, marcas, logotipos u otros elementos, as\u00ed como subestructura, dise\u00f1o, combinaciones de colores o forma de presentaci\u00f3n de los materiales, est\u00e1n protegidos por derechos de propiedad industrial e intelectual que el usuario de este sitio web debe respetar. No es l\u00edcita su transformaci\u00f3n o alteraci\u00f3n, comunicaci\u00f3n p\u00fablica o cualquier otra forma de explotaci\u00f3n por cualquier procedimiento sin la autorizaci\u00f3n expresa de MM Plastic Surgery, S.L.P.<\/p>\n<p>Responsabilidad sobre los contenidos<br \/>\nAunque MM Plastic Surgery, S.L.P. act\u00faa con la m\u00e1xima diligencia posible, puede darse el caso de que alg\u00fan dato o informaci\u00f3n no est\u00e9 del todo actualizada en el momento que el usuario del sitio web lo consulte. Por ello, las informaciones que se presentan en esta web tienen una funci\u00f3n orientativa y no obligan a MM Plastic Surgery, S.L.P.<\/p>\n<p>MM Plastic Surgery, S.L.P. no ser\u00e1 responsable de la informaci\u00f3n que se pueda obtener a trav\u00e9s de enlaces incluidos en su web.<\/p>\n<p>MM Plastic Surgery, S.L.P.. se reserva la facultad de realizar, en cualquier momento y sin necesidad de preaviso, modificaciones o actualizaciones de la informaci\u00f3n y de cualquiera de los elementos que integren el dise\u00f1o y configuraci\u00f3n de la p\u00e1gina web.<\/p>\n<p>Ley aplicable y jurisdicci\u00f3n:<br \/>\nEl uso de este sitio web implica la aceptaci\u00f3n plena de los t\u00e9rminos y condiciones de la presente pol\u00edtica legal. Los posibles conflictos relativos a esta web se regir\u00e1n exclusivamente por la legislaci\u00f3n espa\u00f1ola, siendo competentes los Juzgados y Tribunales espa\u00f1oles para conocer de cuantas cuestiones se susciten sobre ella. El usuario, por virtud de su aceptaci\u00f3n renuncia expresamente a cualquier fuero que por aplicaci\u00f3n de la Ley de Enjuiciamiento Civil vigente pudiera corresponderle.<\/p>\n","protected":false},"excerpt":{"rendered":"<p>Informaci\u00f3n de conformidad con el art\u00edculo 10 de la LSSI La titular de esta web es: Identidad: MM Plastic Surgery, S.L.P. NIF: B10826642 Direcci\u00f3n: Carrer Torras i Pujalt 11-29 Tel.: +34 935 10 00 06 Email: info@dramarisamanzano.com Inscrita en el Registro Mercantil de ___, inscripci\u00f3n ___, Hoja ___, Folio ___, Tomo ____. Condiciones de uso [&hellip;]<\/p>\n","protected":false},"author":1,"featured_media":0,"parent":0,"menu_order":1,"comment_status":"closed","ping_status":"closed","template":"page-legal.php","meta":{"_acf_changed":false,"inline_featured_image":false,"footnotes":""},"class_list":["post-670","page","type-page","status-publish","hentry"],"acf":[],"_links":{"self":[{"href":"https:\/\/dramarisamanzano.com\/es\/wp-json\/wp\/v2\/pages\/670"}],"collection":[{"href":"https:\/\/dramarisamanzano.com\/es\/wp-json\/wp\/v2\/pages"}],"about":[{"href":"https:\/\/dramarisamanzano.com\/es\/wp-json\/wp\/v2\/types\/page"}],"author":[{"embeddable":true,"href":"https:\/\/dramarisamanzano.com\/es\/wp-json\/wp\/v2\/users\/1"}],"replies":[{"embeddable":true,"href":"https:\/\/dramarisamanzano.com\/es\/wp-json\/wp\/v2\/comments?post=670"}],"version-history":[{"count":1,"href":"https:\/\/dramarisamanzano.com\/es\/wp-json\/wp\/v2\/pages\/670\/revisions"}],"predecessor-version":[{"id":671,"href":"https:\/\/dramarisamanzano.com\/es\/wp-json\/wp\/v2\/pages\/670\/revisions\/671"}],"wp:attachment":[{"href":"https:\/\/dramarisamanzano.com\/es\/wp-json\/wp\/v2\/media?parent=670"}],"curies":[{"name":"wp","href":"https:\/\/api.w.org\/{rel}","templated":true}]}}