{"id":692,"date":"2025-07-03T10:29:09","date_gmt":"2025-07-03T08:29:09","guid":{"rendered":"https:\/\/dramarisamanzano.com\/es\/?page_id=692"},"modified":"2025-07-03T10:50:20","modified_gmt":"2025-07-03T08:50:20","slug":"financiacion","status":"publish","type":"page","link":"https:\/\/dramarisamanzano.com\/es\/dra-marisa-manzano\/financiacion\/","title":{"rendered":"Financiaci\u00f3n"},"content":{"rendered":"<h2><img loading=\"lazy\" decoding=\"async\" class=\"aligncenter wp-image-695 size-medium\" src=\"https:\/\/dramarisamanzano.com\/wp-content\/uploads\/2025\/07\/Logo-TMF-Sello-C.P.-DEFINITIVO-dorado-300x110.png\" alt=\"\" width=\"300\" height=\"110\" srcset=\"https:\/\/dramarisamanzano.com\/wp-content\/uploads\/2025\/07\/Logo-TMF-Sello-C.P.-DEFINITIVO-dorado-300x110.png 300w, https:\/\/dramarisamanzano.com\/wp-content\/uploads\/2025\/07\/Logo-TMF-Sello-C.P.-DEFINITIVO-dorado-1024x375.png 1024w, https:\/\/dramarisamanzano.com\/wp-content\/uploads\/2025\/07\/Logo-TMF-Sello-C.P.-DEFINITIVO-dorado-768x281.png 768w, https:\/\/dramarisamanzano.com\/wp-content\/uploads\/2025\/07\/Logo-TMF-Sello-C.P.-DEFINITIVO-dorado-1536x562.png 1536w, https:\/\/dramarisamanzano.com\/wp-content\/uploads\/2025\/07\/Logo-TMF-Sello-C.P.-DEFINITIVO-dorado.png 2048w\" sizes=\"(max-width: 300px) 100vw, 300px\" \/><\/h2>\n<h2 style=\"text-align: center;\">Financia tus tratamientos<\/h2>\n<p>&nbsp;<\/p>\n<p>En <strong>MM Plastic Surgery, S.L.P.<\/strong> creemos que la salud tendr\u00eda que estar al alcance de todos. Por eso queremos dar la oportunidad de acceder a la medicina privada de calidad a trav\u00e9s de nuestros planes de financiaci\u00f3n sin intereses, ofreciendo facilidades de pago para todos nuestros tratamientos.<\/p>\n<p>Se recomienda hacer una primera visita para poder personalizar el presupuesto y elegir el plan que mejor se adapte a las necesidades de cada paciente.<\/p>\n<p>&nbsp;<\/p>\n<h3><\/h3>\n<h3>Financia tu tratamiento de forma r\u00e1pida y segura<\/h3>\n<p>Desde <strong>MM Plastic Surgery, S.L.P.<\/strong> le ofrecemos la posibilidad de financiar su tratamiento a trav\u00e9s de una <strong>SIMULACI\u00d3N<\/strong> de <strong>FINANCIACI\u00d3N<\/strong> con <strong>TU MEDICINA FINANCIADA<\/strong>, la cual es meramente informativa, por lo que sus datos no podr\u00e1n ser utilizados salvo autorizaci\u00f3n a trav\u00e9s de consentimiento por normativa RGPD.<\/p>\n<p>Mediante la simulaci\u00f3n realizada desde <strong>MM Plastic Surgery, S.L.P.<\/strong>, podr\u00e1 contactar con Tu Medicina Financiada en el caso que desee ajustar la cuota de financiaci\u00f3n que mejor se adapte a sus necesidades.<\/p>\n<p>Recuerde que para que podamos informarle de las distintas alternativas de financiaci\u00f3n, deber\u00e1 contactarnos al <strong>936 476 424<\/strong>.<\/p>\n<p>El estudio de su financiaci\u00f3n se gestionar\u00e1 desde <strong>TU MEDICINA FINANCIADA<\/strong>, a trav\u00e9s de un tr\u00e1mite <strong>\u00c1GIL<\/strong> (una vez aporte la documentaci\u00f3n), con la <strong>SEGURIDAD<\/strong> y la <strong>PERSONALIZACI\u00d3N<\/strong> de un <strong>CENTRO PREMIUM TMF<\/strong>.<\/p>\n<p>Inf\u00f3rmese sobre las condiciones ventajosas de financiaci\u00f3n que ofrecemos a nuestros pacientes.<\/p>\n<p>Desde <strong>TU MEDICINA FINANCIADA<\/strong> te facilitar\u00e1n el acceso a su procedimiento m\u00e9dico cuando lo requiera, adapt\u00e1ndolo a sus necesidades, dando una r\u00e1pida respuesta a trav\u00e9s de un tr\u00e1mite seguro. Pondr\u00e1n todos los medios a su alcance.<\/p>\n<p>&nbsp;<\/p>\n<h3>Tramitar\u00e1n la financiaci\u00f3n de su tratamiento \u00fanicamente con la siguiente documentaci\u00f3n:<\/h3>\n<ul>\n<li>\u00daltima n\u00f3mina.<\/li>\n<li>DNI.<\/li>\n<li>Cuenta bancaria.<\/li>\n<\/ul>\n<p>&nbsp;<\/p>\n<h3>Financiaci\u00f3n del 100% del tratamiento hasta en 12 meses<\/h3>\n<p><em>*Ejemplo representativo:<\/em> para un pr\u00e9stamo de 1200\u20ac en un plazo de 12 meses. Precio al contado 1200\u20ac. TIN 0%. TAE 0%. Importe a financiar 1200\u20ac. 12 cuotas de 100\u20ac. Importe total financiado: 1200\u20ac. Precio total a plazos e importe total adeudado 1200\u20ac. Sistema de amortizaci\u00f3n franc\u00e9s. Financiaci\u00f3n ofrecida por Sabadell Consumer Finance, S.A.U. y sujeta a su aprobaci\u00f3n. Oferta exclusiva para colaboradores de Tu Medicina Financiada.<\/p>\n<p><img loading=\"lazy\" decoding=\"async\" class=\"aligncenter size-medium wp-image-698\" src=\"https:\/\/dramarisamanzano.com\/wp-content\/uploads\/2025\/07\/Logo-distintivo-CENTRO-PREMIUM-TMF-297x300.png\" alt=\"\" width=\"297\" height=\"300\" srcset=\"https:\/\/dramarisamanzano.com\/wp-content\/uploads\/2025\/07\/Logo-distintivo-CENTRO-PREMIUM-TMF-297x300.png 297w, https:\/\/dramarisamanzano.com\/wp-content\/uploads\/2025\/07\/Logo-distintivo-CENTRO-PREMIUM-TMF-1013x1024.png 1013w, https:\/\/dramarisamanzano.com\/wp-content\/uploads\/2025\/07\/Logo-distintivo-CENTRO-PREMIUM-TMF-768x776.png 768w, https:\/\/dramarisamanzano.com\/wp-content\/uploads\/2025\/07\/Logo-distintivo-CENTRO-PREMIUM-TMF-1520x1536.png 1520w, https:\/\/dramarisamanzano.com\/wp-content\/uploads\/2025\/07\/Logo-distintivo-CENTRO-PREMIUM-TMF-60x60.png 60w, https:\/\/dramarisamanzano.com\/wp-content\/uploads\/2025\/07\/Logo-distintivo-CENTRO-PREMIUM-TMF.png 1796w\" sizes=\"(max-width: 297px) 100vw, 297px\" \/><\/p>\n","protected":false},"excerpt":{"rendered":"<p>Financia tus tratamientos &nbsp; En MM Plastic Surgery, S.L.P. creemos que la salud tendr\u00eda que estar al alcance de todos. Por eso queremos dar la oportunidad de acceder a la medicina privada de calidad a trav\u00e9s de nuestros planes de financiaci\u00f3n sin intereses, ofreciendo facilidades de pago para todos nuestros tratamientos. Se recomienda hacer una [&hellip;]<\/p>\n","protected":false},"author":1,"featured_media":0,"parent":9,"menu_order":8,"comment_status":"closed","ping_status":"closed","template":"page-blank.php","meta":{"_acf_changed":false,"inline_featured_image":false,"footnotes":""},"class_list":["post-692","page","type-page","status-publish","hentry"],"acf":[],"_links":{"self":[{"href":"https:\/\/dramarisamanzano.com\/es\/wp-json\/wp\/v2\/pages\/692"}],"collection":[{"href":"https:\/\/dramarisamanzano.com\/es\/wp-json\/wp\/v2\/pages"}],"about":[{"href":"https:\/\/dramarisamanzano.com\/es\/wp-json\/wp\/v2\/types\/page"}],"author":[{"embeddable":true,"href":"https:\/\/dramarisamanzano.com\/es\/wp-json\/wp\/v2\/users\/1"}],"replies":[{"embeddable":true,"href":"https:\/\/dramarisamanzano.com\/es\/wp-json\/wp\/v2\/comments?post=692"}],"version-history":[{"count":13,"href":"https:\/\/dramarisamanzano.com\/es\/wp-json\/wp\/v2\/pages\/692\/revisions"}],"predecessor-version":[{"id":707,"href":"https:\/\/dramarisamanzano.com\/es\/wp-json\/wp\/v2\/pages\/692\/revisions\/707"}],"up":[{"embeddable":true,"href":"https:\/\/dramarisamanzano.com\/es\/wp-json\/wp\/v2\/pages\/9"}],"wp:attachment":[{"href":"https:\/\/dramarisamanzano.com\/es\/wp-json\/wp\/v2\/media?parent=692"}],"curies":[{"name":"wp","href":"https:\/\/api.w.org\/{rel}","templated":true}]}}