{"id":76,"date":"2023-11-18T10:28:08","date_gmt":"2023-11-18T09:28:08","guid":{"rendered":"https:\/\/dramarisamanzano.com\/es\/?page_id=76"},"modified":"2024-01-22T21:06:58","modified_gmt":"2024-01-22T20:06:58","slug":"participacion-en-mas-de-80-cursos-congresos-y-seminarios-de-ambito-nacional-e-internacional","status":"publish","type":"page","link":"https:\/\/dramarisamanzano.com\/es\/participacion-en-mas-de-80-cursos-congresos-y-seminarios-de-ambito-nacional-e-internacional\/","title":{"rendered":"Participaci\u00f3n en <b>m\u00e1s de 80 cursos, congresos y seminarios<\/b> de \u00e1mbito nacional e internacional"},"content":{"rendered":"<ul>\n<li>1001Jornada de Actualizaci\u00f3n en Cirug\u00eda de la Mano. Hospital Universitario de Getafe. Madrid. Marzo 1995.<\/li>\n<li>Patolog\u00eda del aparato extensor. Hospital Universitario de Getafe. Madrid. Abril 1995.<\/li>\n<li>VIII Congreso de Quemados: Investigaci\u00f3n en fisiopatolog\u00eda y tratamiento de las quemaduras. Hospital del Aire. Madrid. Mayo 1995.<\/li>\n<li>Curso Monogr\u00e1fico: Dermocosm\u00e9tica. Universidad Complutense de Madrid. Madrid. Febrero 1996.<\/li>\n<li>Curso de 3\u00ba ciclo \u201cEl eczema\u201d. Real Academia Nacional de Medicina. Madrid. Febrero-Marzo 1996.<\/li>\n<li>Symposium sobre Est\u00e9tica y Funci\u00f3n en la reconstrucci\u00f3n Craneofacial. Madrid. Abril 1996.<\/li>\n<li>Curso Te\u00f3rico \u2013Pr\u00e1ctico sobre utilizaci\u00f3n de miniplacas para reconstrucci\u00f3n facial. Synthes. Madrid. Abril 1996.<\/li>\n<li>Curso de Resucitaci\u00f3n cardiopulmonar b\u00e1sica instrumental . Hospital Universitario de Getafe. Madrid . Abril 1996.<\/li>\n<li>Conferencia Internacional sobre quemaduras y sus secuelas. Colegio de M\u00e9dicos de Madrid. Mayo 1996.<\/li>\n<li>Curso instruccional de Microcirug\u00eda para residentes. Hospital Gregorio Mara\u00f1\u00f3n. Madrid. Junio 1996.<\/li>\n<li>II Congreso Nacional de la Sociedad Espa\u00f1ola de Quemados. Colegio de M\u00e9dicos. Barcelona. Octubre 1996.<\/li>\n<li>I Curso instruccional de Cirug\u00eda Est\u00e9tica para residentes: Rejuvenecimiento Facial. Hospital de Bellvitge. Barcelona. Octubre 1996.<\/li>\n<li>Cirug\u00eda Pl\u00e1stica y Reconstructiva de la Mama y Pared Tor\u00e1cica. Curso de Doctorado. Universidad de Alcal\u00e1 de Henares. Madrid. Marzo 1997.<\/li>\n<li>XII Congreso Nacional de la Sociedad Espa\u00f1ola de Cirug\u00eda de la Mano. Gand\u00eda, Alicante. Mayo 1997.<\/li>\n<li>I Curso de Avances en Reconstrucci\u00f3n Mamaria. Hospital Cl\u00ednico de Barcelona. Junio 1997.<\/li>\n<li>I Curso para residentes de rejuvenecimiento facial-l\u00e1ser. Hospital Cl\u00ednico de Barcelona. Junio 1997.<\/li>\n<li>Breast Reconstructive Surgery Course of the European School of Oncology. Milano. Octubre 1997.<\/li>\n<li>Cirug\u00eda Reconstructiva de la Extremidad Inferior. Curso de Doctorado. Universidad de Alcal\u00e1 de Henares, Madrid. Marzo 1998.<\/li>\n<li>XXXIII Congreso Nacional de la Sociedad Espa\u00f1ola de Cirug\u00eda Pl\u00e1stica, Reparador y Est\u00e9tica. Valencia. Mayo 1998.<\/li>\n<li>III Curso instruccional de Cirug\u00eda Est\u00e9tica: Remodelaci\u00f3n Corporal. Hospital de Bellvitge. Octubre 1998.<\/li>\n<li>Cirug\u00eda de la mano reum\u00e1tica. Curso de Postgrado Universidad de Alcal\u00e1 de Henares, Madrid. Marzo 1999.<\/li>\n<li>XXXIV Congreso Nacional de la Sociedad Espa\u00f1ola de Cirug\u00eda Pl\u00e1stica Reparadora y Est\u00e9tica. Marbella. Abril 1999.<\/li>\n<li>VI Curso de Doctorado en Cirugia Plastica y Estetica: Ultrasound Assisted Lipoplasty. Universidad de Barcelona. Junio 1999.<\/li>\n<li>Curso de Cirug\u00eda Reconstructiva del Miembro Inferior. Hospital Central de Asturias. Noviembre 1999.<\/li>\n<li>I Curso de Residentes de Cirug\u00eda Pl\u00e1stica . Hospital Universitario de Getafe. Madrid. Marzo 2000.<\/li>\n<li>XII Curso Internacional de Cirug\u00eda Pl\u00e1stica y Est\u00e9tica. Cl\u00ednica Planas. Barcelona. Junio 2000.<\/li>\n<li>Curso de Formaci\u00f3n M\u00e9dica Continuada en Cirug\u00eda Pl\u00e1stica. Associaci\u00f3 Ci\u00e8ncies M\u00e8diques Barcelona. Curso Acad\u00e9mico 2001-2002. 4 cr\u00e9ditos.<\/li>\n<li>Jornada sobre Reconstrucci\u00f3n Microquir\u00fargica con colgajos perforantes. Societat Catalana de Cirurgia Pl\u00e1stica. Barcelona. Marzo 2002. 1.5 cr\u00e9ditos.<\/li>\n<li>XIII Curso Internacional de Cirug\u00eda Pl\u00e1stica y Est\u00e9tica. Cl\u00ednica Planas. Barcelona. Junio 2002.<\/li>\n<li>I Curso de formaci\u00f3n continuada en Cir Est\u00e9tica. Rejuvenecimiento facial. Universidad de Barcelona. Abril 2004.<\/li>\n<li>VIII Jornadas de residentes de Cirug\u00eda Pl\u00e1stica. Cirug\u00eda est\u00e9tica del esqueleto facial. Madrid. Octubre 2004.<\/li>\n<li>V Workshop Antiaging. Cl\u00ednica Planas. Barcelona. Octubre 2004.<\/li>\n<li>I Simposi en angiomes i lesions vascular en pediatr\u00eda. Hospital de Sant Pau, Barcelona. Mayo 2004.<\/li>\n<li>XIII Jornadas Mediterr\u00e1neas de Confrontaciones Terap\u00e9uticas en Medicina y Cirug\u00eda Cosm\u00e9tica. Sitges. Mayo 2005.<\/li>\n<li>I European Congress of Antiaging Medicine. Paris. Octubre 2005.<\/li>\n<li>Theoretical Seminar Anti-aging Medicine. Nice. Marzo 2007.<\/li>\n<li>Annual Meeting of ASAPS and ASERF. New York. Abril 2007.<\/li>\n<li>III European Congress of Antiaging Medicine. Paris. Octubre. 2007.<\/li>\n<li>X Jornadas Internacionales Mediform L\u00e1ser, luz pulsada y t\u00e9cnicas dermocosm\u00e9ticas. Barcelona . Octubre 2007.<\/li>\n<li>3rd European Masters in aesthetic and Antiaging Medicine. Paris. Octubre de 2007.<\/li>\n<li>Masterclass del uso avanzado de Toxina Botul\u00ednica y rellenos d\u00e9rmicos en Medicina Est\u00e9tica. Allergan Academy. Barcelona. Noviembre de 2007.<\/li>\n<li>Focus Symposium in Plastic Surgery and the micro polyurethane-foam-surfaced implants. Munich. Noviembre de 2007.<\/li>\n<li>XXIV Curso de Aplicaciones Avanzadas del L\u00e1ser. Instituto M\u00e9dico Vilafortuny. Cambrils, Tarragona. Noviembre de 2007.<\/li>\n<li>1st Clinical Forum and Users Meeting in Cutera Platforms. Barcelona. Febrero 2008.<\/li>\n<li>Practical Seminar Anti-Aging Medicine. Florencia. Mayo 2008.<\/li>\n<li>I Congreso de la Asociaci\u00f3n Europea de Sociedades de Cirugia Estetica Plastica. Madrid. 23-25 Octubre 2008.<\/li>\n<li>European Congress on Anti-Aging Medicine. Mainz October 2009.<\/li>\n<li>I Congreso Nacional de la Sociedad Espa\u00f1ola de Aplicaciones Terap\u00e9uticas de Trasplante de Grasa. Noviembre 2009.<\/li>\n<li>3rd Mega Hand 2010 International Symposium, Paris France. 19-20 Marzo. 12 Cr\u00e9ditos.<\/li>\n<li>XVII Curso Internacional de Cirug\u00eda Pl\u00e1stica y Est\u00e9tica Cl\u00ednica Planas, Barcelona. 16-19 Junio 2010.<\/li>\n<li>I Curso de Remodelaci\u00f3n Facial: Rinoplastia e Implantes Faciales, Madrid. 3 Julio 2010. 1,7 cr\u00e9ditos.<\/li>\n<li>Workshop de Eco-Est\u00e9tica. Cl\u00ednica Palmaplanas, Palma de Mallorca. 11 Septiembre 2010.<\/li>\n<li>XI Curso de L\u00e1ser M\u00e9dico Quir\u00fargico. Clinica Planas, Barcelona. 30 Sept-2 Octubre 2010.<\/li>\n<li>Primer Curso Online sobre ECOGRAF\u00cdA MAMARIA. 4 Oct- 15 Nov 2010 UAB.<\/li>\n<li>3\u00ba Edici\u00f3n Academia de Formaci\u00f3n Continuada Merz Aesthetics: Abordaje Facial Completo. 12 Marzo 2011 Madrid.<\/li>\n<li>Curso de Fotograf\u00eda Cl\u00ednica en Cirug\u00eda y Medicina Est\u00e9tica. 9 Abril 2011 Madrid.<\/li>\n<li>3\u00ba Congreso SETGRA. Barcelona 25 Noviembre 2011.<\/li>\n<li>Meeting Beauty Through Science 2012. Estocolmo 7-9 Junio 2012<\/li>\n<li>I Curso de Ecograf\u00eda para Cirujanos Pl\u00e1sticos. Barcelona 29 Septiembre 2012.<\/li>\n<li>2\u00ba Curso Internacional sobre Cirug\u00eda Est\u00e9tica Genital. Barcelona 7-8 Febrero 2013.<\/li>\n<li>Barcelona Breast Meeting , 6-7 Marzo 2014.<\/li>\n<li>Observership Marzo 2014 en Boston Children &#8216;s Hospital, Boston Massachusetts. Dr Meara, Dr Labow.<\/li>\n<li>The Aesthetic Meeting 2014 San Francisco, 24-29 Abril 2014. 24,25 AMA PARA Category 1 Credits. 8,25 de los cr\u00e9ditos son Patient Safety Credits.<\/li>\n<li>Curso Aspectos M\u00e9dico-Legales en la Pr\u00e1ctica Diaria. Madrid 25 Mayo 2014.<\/li>\n<li>XV Curso de Laser Medico Quirurgico, Barcelona 16-18 Octubre 2014.<\/li>\n<li>3rd International Course of Genital Aesthetic Surgery Male &amp; Female, Barcelona 27-28 Febrero 2015. 22 CME.<\/li>\n<li>3rd Body Lift Course-Dr Pascal, ISAPS Education Council. Lyon 17-18 Abril 2015.<\/li>\n<li>II Curso B\u00e1sico Multidisciplinar de Anomal\u00edas Vasculares. Madrid 20 Abril 2016.<\/li>\n<li>Good Clinical Practice ICH on-line course 24 Marzo 2017.<\/li>\n<li>I Jornadas Medicina Est\u00e9tica para Cirujanas Pl\u00e1sticas. San Sebasti\u00e1n 29-30 Septiembre 2017.<\/li>\n<li>Beauty &amp; Jelks Symposium 2017. Palma Mallorca 13-14 Octubre 2017.<\/li>\n<li>Good Clinical Practice on-line training module. 19 Octubre 2017<\/li>\n<li>62nd Practical-Theoretic Course Secondary Mammaplasty. Fondaziones G. Sanvenero Rosselli. 2 Febrero 2018 Mil\u00e1n, Italia.<\/li>\n<li>Aptos Advanced Course. Barcelona 12-3-2018.<\/li>\n<li>Abril 2018 en Boston Children &#8216;s Hospital, Boston Massachusetts. Dr Meara, Dr Labow.<\/li>\n<li>Liposuction Day Barcelona. AECEP. Centro M\u00e9dico Teknon. 15 Junio 2018.<\/li>\n<li>AECEP Meeting 2018. Madrid 22-24 noviembre. Presidenta de la mesa Otoplastia.<\/li>\n<li>World Experts Meeting Barcelona 2018. 19-20 Octubre. Sinclair college.<\/li>\n<li>24th congress of ISAPS. 31 Octubre-4 Noviembre 2018. Miami, USA.<\/li>\n<li>Women Plastic Surgeon Enrichment Retreat ASPS. 7-10 Febrero 2019. Atlanta USA.<\/li>\n<li>MIPSS 4th Marbella International Plastic Surgery Symposium. 20-22 Junio 2019 . 21 European CME credits.<\/li>\n<li>IMCAS ASIA 2109 Bali 5-7 Junio 2019. 24 SKP IDI credits.<\/li>\n<li>11th 5-Continent-Congress. Barcelona 29 agosto-1 septiembre 2019. 20 European CME credits.<\/li>\n<li>WOPRASS Jornadas Verano Palma Mallorca 7-8 Septiembre 2019<\/li>\n<li>Jornada Management y Redes Sociales- AECEP Madrid 14 septiembre 2019<\/li>\n<li>Plastic Surgery The Meeting. San Diego 20-23 Septiembre 2019.<\/li>\n<li>Curso Avanzado Aptos Method Barcelona 26 Octubre 2019.<\/li>\n<li>WOPRASS I Jornadas Invierno Benasque 31 Enero-2 Febrero 2020.<\/li>\n<li>Curso para la certificaci\u00f3n como formadora Aptos Thread Method. Tbilisi, Georgia. 13-14 Febrero 2020.<\/li>\n<li>35\u00ba Congreso Nacional de la Sociedad Espa\u00f1ola de Medicina Est\u00e9tica. M\u00e1laga 20-22 Febrero 2020.<\/li>\n<li>I International Lipedema Symposium. Barcelona 19 Septiembre 2020.<\/li>\n<li>Certificado de asistencia a los cursos organizados por SCCPRE curso 2020-21, 12 horas lectivas. 1,5 cr\u00e9ditos. Nuevos retos de la Cirug\u00eda Pl\u00e1stica Reparadora y Est\u00e9tica.<\/li>\n<li>Certificado de Asistencia al ISAPS Business School Online. 17 Abril 2021.<\/li>\n<li>I Congreso Online de la SECPRE. 21-22 Mayo 2021. 3,2 Cr\u00e9ditos.<\/li>\n<li>Getting Started with Ultrasound in Plastic Surgery. Issued by American Society of Plastic Surgeons. 3 Junio 2021.<\/li>\n<li>Structure-Preservation Rhinoplasty Conference. Istanbul 11-13 Junio 2021.<\/li>\n<li>Actualizaciones en Cirug\u00eda Pl\u00e1stica, Reparadora y Est\u00e9tica curso online WOPRASS 28 Marzo, 11 Abril 13 Junio 2021. 6 h de actividad acreditada. 0,6 cr\u00e9ditos.<\/li>\n<li>APTOS advanced training . 24-25 Septiembre 2021 Tiflis Georgia.<\/li>\n<li>VII Jornadas WOPRASS 15-16 Octubre 2021. Monasterio Santo Estevo Galicia. Miembro del Comit\u00e9 organizador.<\/li>\n<li>Profhilo Body Masterclass , Milan 11 Noviembre 2021.<\/li>\n<li>Curso Monogr\u00e1fico de Medicina Est\u00e9tica de la Sociedad Espa\u00f1ola de Cirug\u00eda Pl\u00e1stica, Reparadora y Est\u00e9tica. 22 Enero 2022 Barcelona. 0.8 Cr\u00e9ditos.<\/li>\n<li>WOPRASS Jornadas Invierno 12-13 Febrero 2022 Andorra.<\/li>\n<li>37 Congreso Nacional SEME. 24-26 Febrero 2022. M\u00e1laga.<\/li>\n<li>1\u00ba Congreso SCCPRE. Noves tend\u00e8ncies en cirurgia mam\u00e0ria. 29 Abril 2022. 0,8 cr\u00e9ditos. Miembro del comit\u00e9 organizador.<\/li>\n<li>54\u00ba Congreso Nacional SECPRE 24-26 Mayo 2022. 3,6 cr\u00e9ditos . Santiago de Compostela.<\/li>\n<li>Curso Ecograf\u00eda Cut\u00e1nea B\u00e1sica organizado por IFML- Colegio M\u00e9dicos Barcelona. 0,8 Cr\u00e9ditos. 4 Julio 2022.<\/li>\n<li>JORNADA FORMATIVA MEDIDERMA. 11 Febrero 2023. Barcelona.<\/li>\n<li>Curso AECEP Rinoplastia. 17-18 Febrero 2023 Valencia.<\/li>\n<li>38\u00ba Congreso nacional SEME 23-24-25 Febrero 2023. M\u00e1laga.<\/li>\n<li>Rinoplastia estructural, h\u00edbrida y de preservaci\u00f3n. SECPRE Curso de Cirug\u00eda Est\u00e9tica. Madrid 21 Abril 2023.<\/li>\n<\/ul>\n","protected":false},"excerpt":{"rendered":"<p>1001Jornada de Actualizaci\u00f3n en Cirug\u00eda de la Mano. Hospital Universitario de Getafe. Madrid. Marzo 1995. Patolog\u00eda del aparato extensor. Hospital Universitario de Getafe. Madrid. Abril 1995. VIII Congreso de Quemados: Investigaci\u00f3n en fisiopatolog\u00eda y tratamiento de las quemaduras. Hospital del Aire. Madrid. Mayo 1995. Curso Monogr\u00e1fico: Dermocosm\u00e9tica. Universidad Complutense de Madrid. Madrid. Febrero 1996. Curso [&hellip;]<\/p>\n","protected":false},"author":1,"featured_media":0,"parent":0,"menu_order":70,"comment_status":"closed","ping_status":"closed","template":"page-blank.php","meta":{"_acf_changed":false,"inline_featured_image":false,"footnotes":""},"class_list":["post-76","page","type-page","status-publish","hentry"],"acf":[],"_links":{"self":[{"href":"https:\/\/dramarisamanzano.com\/es\/wp-json\/wp\/v2\/pages\/76"}],"collection":[{"href":"https:\/\/dramarisamanzano.com\/es\/wp-json\/wp\/v2\/pages"}],"about":[{"href":"https:\/\/dramarisamanzano.com\/es\/wp-json\/wp\/v2\/types\/page"}],"author":[{"embeddable":true,"href":"https:\/\/dramarisamanzano.com\/es\/wp-json\/wp\/v2\/users\/1"}],"replies":[{"embeddable":true,"href":"https:\/\/dramarisamanzano.com\/es\/wp-json\/wp\/v2\/comments?post=76"}],"version-history":[{"count":2,"href":"https:\/\/dramarisamanzano.com\/es\/wp-json\/wp\/v2\/pages\/76\/revisions"}],"predecessor-version":[{"id":331,"href":"https:\/\/dramarisamanzano.com\/es\/wp-json\/wp\/v2\/pages\/76\/revisions\/331"}],"wp:attachment":[{"href":"https:\/\/dramarisamanzano.com\/es\/wp-json\/wp\/v2\/media?parent=76"}],"curies":[{"name":"wp","href":"https:\/\/api.w.org\/{rel}","templated":true}]}}